{"id":8102,"date":"2014-04-07T15:23:37","date_gmt":"2014-04-07T15:23:37","guid":{"rendered":"https:\/\/ntountas-endokrinologos.gr\/de\/archiki\/"},"modified":"2019-01-07T10:49:43","modified_gmt":"2019-01-07T10:49:43","slug":"startseite","status":"publish","type":"page","link":"https:\/\/ntountas-endokrinologos.gr\/de\/","title":{"rendered":"Startseite"},"content":{"rendered":"<p><span data-mce-type=\"bookmark\" style=\"display: inline-block; width: 0px; overflow: hidden; line-height: 0;\" class=\"mce_SELRES_start\">\ufeff<\/span><div class=\"row \"><div class=\"wpv-grid grid-1-1 move-into-slider wpv-first-level first unextended\" style=\"padding-top:0px;padding-bottom:30px\" id=\"wpv-column-fc2a09ba3dc67b8c8bb5cee17f72e408\" ><div class=\"row \"><div class=\"wpv-grid grid-1-4  first unextended\" style=\"padding-top:0px;padding-bottom:0px\" id=\"wpv-column-2e98983ad261330a30894b3235f95466\" ><style scoped>#wpv-expandable-dba3a76130432925093612d2ff383f1c .closed{background:#36a8eb;}#wpv-expandable-dba3a76130432925093612d2ff383f1c .closed,#wpv-expandable-dba3a76130432925093612d2ff383f1c .closed p,#wpv-expandable-dba3a76130432925093612d2ff383f1c .closed .sep-text h2.regular-title-wrapper,#wpv-expandable-dba3a76130432925093612d2ff383f1c .closed .text-divider-double,#wpv-expandable-dba3a76130432925093612d2ff383f1c .closed .sep-text .sep-text-line,#wpv-expandable-dba3a76130432925093612d2ff383f1c .closed .sep,#wpv-expandable-dba3a76130432925093612d2ff383f1c .closed .sep-2,#wpv-expandable-dba3a76130432925093612d2ff383f1c .closed .sep-3,#wpv-expandable-dba3a76130432925093612d2ff383f1c .closed td,#wpv-expandable-dba3a76130432925093612d2ff383f1c .closed th,#wpv-expandable-dba3a76130432925093612d2ff383f1c .closed a,#wpv-expandable-dba3a76130432925093612d2ff383f1c .closed caption{color:#fff;}#wpv-expandable-dba3a76130432925093612d2ff383f1c .open{background:#476b8d;}#wpv-expandable-dba3a76130432925093612d2ff383f1c .open,#wpv-expandable-dba3a76130432925093612d2ff383f1c .open p,#wpv-expandable-dba3a76130432925093612d2ff383f1c .open .sep-text h2.regular-title-wrapper,#wpv-expandable-dba3a76130432925093612d2ff383f1c .open .text-divider-double,#wpv-expandable-dba3a76130432925093612d2ff383f1c .open .sep-text .sep-text-line,#wpv-expandable-dba3a76130432925093612d2ff383f1c .open .sep,#wpv-expandable-dba3a76130432925093612d2ff383f1c .open .sep-2,#wpv-expandable-dba3a76130432925093612d2ff383f1c .open .sep-3,#wpv-expandable-dba3a76130432925093612d2ff383f1c .open td,#wpv-expandable-dba3a76130432925093612d2ff383f1c .open th,#wpv-expandable-dba3a76130432925093612d2ff383f1c .open a,#wpv-expandable-dba3a76130432925093612d2ff383f1c .open caption{color:#e2eaf1;}<\/style>\n<div class=\"services has-more \" id=\"wpv-expandable-dba3a76130432925093612d2ff383f1c\">\n\t<div class=\"closed services-inside\">\n\t\t<div class=\"services-content-wrapper clearfix\">\n\t\t\t\n\t\t\t <div class=\"push\" style='height:10px'><\/div>\n<span class='icon shortcode  ' style='font-size:26px !important;color:#B5E0FC;'>&#57358;<\/span>\n<div class=\"push\" style='height:10px'><\/div>\n<h3><span style=\"color: #fff;\">Bio<\/span><\/h3>\n<div class=\"push\" style='height:8px'><\/div>\n<p style=\"text-align: justify;\"><strong>Leonidas Duntas<\/strong> ist Professor f\u00fcr Innere Medizin &amp; Endokrinologie an der medizinischen Fakult\u00e4t der Universit\u00e4t Ulm in Deutschland und klinisch &#8211; wissenschaftlicher Mitarbeiter der Fakult\u00e4t f\u00fcr Endokrinologie und Stoffwechsel des Evgenidion Krankenhauses.<\/p>\n<div class=\"push\" style='height:15px'><\/div>\n\n\t\t<\/div>\n\t<\/div>\n\t<div class=\"open services-inside\">\n\t\t<div class=\"services-content-wrapper\">\n\t\t\t<div class=\"row\">\n\t\t\t\t\n\t\t\t<\/div>\n\t\t<\/div>\n\t<\/div>\n<\/div>\n\n<\/div>\n<div class=\"wpv-grid grid-1-4  unextended\" style=\"padding-top:0px;padding-bottom:0px\" id=\"wpv-column-6bd350e2cf57ceaca9c74d915f70b415\" ><style scoped>#wpv-expandable-96a79164a82b965784e0d0049273385a .closed{background:#088edd;}#wpv-expandable-96a79164a82b965784e0d0049273385a .closed,#wpv-expandable-96a79164a82b965784e0d0049273385a .closed p,#wpv-expandable-96a79164a82b965784e0d0049273385a .closed .sep-text h2.regular-title-wrapper,#wpv-expandable-96a79164a82b965784e0d0049273385a .closed .text-divider-double,#wpv-expandable-96a79164a82b965784e0d0049273385a .closed .sep-text .sep-text-line,#wpv-expandable-96a79164a82b965784e0d0049273385a .closed .sep,#wpv-expandable-96a79164a82b965784e0d0049273385a .closed .sep-2,#wpv-expandable-96a79164a82b965784e0d0049273385a .closed .sep-3,#wpv-expandable-96a79164a82b965784e0d0049273385a .closed td,#wpv-expandable-96a79164a82b965784e0d0049273385a .closed th,#wpv-expandable-96a79164a82b965784e0d0049273385a .closed a,#wpv-expandable-96a79164a82b965784e0d0049273385a .closed caption{color:#e6f5fe;}#wpv-expandable-96a79164a82b965784e0d0049273385a .open{background:#476b8d;}#wpv-expandable-96a79164a82b965784e0d0049273385a .open,#wpv-expandable-96a79164a82b965784e0d0049273385a .open p,#wpv-expandable-96a79164a82b965784e0d0049273385a .open .sep-text h2.regular-title-wrapper,#wpv-expandable-96a79164a82b965784e0d0049273385a .open .text-divider-double,#wpv-expandable-96a79164a82b965784e0d0049273385a .open .sep-text .sep-text-line,#wpv-expandable-96a79164a82b965784e0d0049273385a .open .sep,#wpv-expandable-96a79164a82b965784e0d0049273385a .open .sep-2,#wpv-expandable-96a79164a82b965784e0d0049273385a .open .sep-3,#wpv-expandable-96a79164a82b965784e0d0049273385a .open td,#wpv-expandable-96a79164a82b965784e0d0049273385a .open th,#wpv-expandable-96a79164a82b965784e0d0049273385a .open a,#wpv-expandable-96a79164a82b965784e0d0049273385a .open caption{color:#e2eaf1;}<\/style>\n<div class=\"services has-more \" id=\"wpv-expandable-96a79164a82b965784e0d0049273385a\">\n\t<div class=\"closed services-inside\">\n\t\t<div class=\"services-content-wrapper clearfix\">\n\t\t\t\n\t\t\t <div class=\"push\" style='height:10px'><\/div>\n<span class='icon shortcode theme ' style='font-size:26px !important;color:#B5E0FC;'>&#57520;<\/span>\n<div class=\"push\" style='height:10px'><\/div>\n<h3><span style=\"color: #fff;\">Forschungsbereiche von Dr. Leonidas Duntas<\/span><\/h3>\n<div class=\"push\" style='height:15px'><\/div>\n<table>\n<tbody>\n<tr>\n<td>Klinische Schilddr\u00fcsenforschung<\/td>\n<\/tr>\n<tr>\n<td>Funktion der Schilddr\u00fcse<\/td>\n<\/tr>\n<tr>\n<td>Autoimmune Schilddr\u00fcsenkrankheit<\/td>\n<\/tr>\n<tr>\n<td>Schilddr\u00fcsenkrebs<\/td>\n<\/tr>\n<\/tbody>\n<\/table>\n<div class=\"push\" style='height:25px'><\/div>\n\n\t\t<\/div>\n\t<\/div>\n\t<div class=\"open services-inside\">\n\t\t<div class=\"services-content-wrapper\">\n\t\t\t<div class=\"row\">\n\t\t\t\t\n<a href=\"\/de\/medizinische-fragen\/\" target=\"_self\" style='font-size: 14px;' class=\"button vamtam-button accent8  button-border hover-accent1 \"><span class=\"btext\">Medizinische Fragen \u2192<\/span><\/a>\n\t\t\t<\/div>\n\t\t<\/div>\n\t<\/div>\n<\/div>\n\n<\/div>\n<div class=\"wpv-grid grid-1-4  unextended\" style=\"padding-top:0px;padding-bottom:0px\" id=\"wpv-column-5dc36bbe250265f1a9c423b1e4df31b3\" ><style scoped>#wpv-expandable-9e6ae7920d12eb50150f7f7298cee932 .closed{background:#1977cc;}#wpv-expandable-9e6ae7920d12eb50150f7f7298cee932 .closed,#wpv-expandable-9e6ae7920d12eb50150f7f7298cee932 .closed p,#wpv-expandable-9e6ae7920d12eb50150f7f7298cee932 .closed .sep-text h2.regular-title-wrapper,#wpv-expandable-9e6ae7920d12eb50150f7f7298cee932 .closed .text-divider-double,#wpv-expandable-9e6ae7920d12eb50150f7f7298cee932 .closed .sep-text .sep-text-line,#wpv-expandable-9e6ae7920d12eb50150f7f7298cee932 .closed .sep,#wpv-expandable-9e6ae7920d12eb50150f7f7298cee932 .closed .sep-2,#wpv-expandable-9e6ae7920d12eb50150f7f7298cee932 .closed .sep-3,#wpv-expandable-9e6ae7920d12eb50150f7f7298cee932 .closed td,#wpv-expandable-9e6ae7920d12eb50150f7f7298cee932 .closed th,#wpv-expandable-9e6ae7920d12eb50150f7f7298cee932 .closed a,#wpv-expandable-9e6ae7920d12eb50150f7f7298cee932 .closed caption{color:#e8f3fc;}#wpv-expandable-9e6ae7920d12eb50150f7f7298cee932 .open{background:#476b8d;}#wpv-expandable-9e6ae7920d12eb50150f7f7298cee932 .open,#wpv-expandable-9e6ae7920d12eb50150f7f7298cee932 .open p,#wpv-expandable-9e6ae7920d12eb50150f7f7298cee932 .open .sep-text h2.regular-title-wrapper,#wpv-expandable-9e6ae7920d12eb50150f7f7298cee932 .open .text-divider-double,#wpv-expandable-9e6ae7920d12eb50150f7f7298cee932 .open .sep-text .sep-text-line,#wpv-expandable-9e6ae7920d12eb50150f7f7298cee932 .open .sep,#wpv-expandable-9e6ae7920d12eb50150f7f7298cee932 .open .sep-2,#wpv-expandable-9e6ae7920d12eb50150f7f7298cee932 .open .sep-3,#wpv-expandable-9e6ae7920d12eb50150f7f7298cee932 .open td,#wpv-expandable-9e6ae7920d12eb50150f7f7298cee932 .open th,#wpv-expandable-9e6ae7920d12eb50150f7f7298cee932 .open a,#wpv-expandable-9e6ae7920d12eb50150f7f7298cee932 .open caption{color:#e2eaf1;}<\/style>\n<div class=\"services has-more \" id=\"wpv-expandable-9e6ae7920d12eb50150f7f7298cee932\">\n\t<div class=\"closed services-inside\">\n\t\t<div class=\"services-content-wrapper clearfix\">\n\t\t\t\n\t\t\t <div class=\"push\" style='height:10px'><\/div>\n<span class='icon shortcode theme ' style='font-size:26px !important;color:#B5E0FC;'>&#57382;<\/span>\n<div class=\"push\" style='height:10px'><\/div>\n<h3><span style=\"color: #fff;\">Wissenschaftliches Mitglied<\/span><\/h3>\n<div class=\"push\" style='height:15px'><\/div>\n<p style=\"text-align: justify;\">Professor Leonidas Duntas ist aktives Mitglied der ETA, \u0391\u03a4\u0391, der griechischen Gesellschaft f\u00fcr Endokrinologie, der deutschen Gesellschaft f\u00fcr Endokrinologie, der deutschen Gesellschaft f\u00fcr Innere Medizin.<\/p>\n<div class=\"push\" style='height:25px'><\/div>\n\n\t\t<\/div>\n\t<\/div>\n\t<div class=\"open services-inside\">\n\t\t<div class=\"services-content-wrapper\">\n\t\t\t<div class=\"row\">\n\t\t\t\t\n<a href=\"\/de\/kontakt\/\" target=\"_self\" style='font-size: 14px;' class=\"button vamtam-button accent8  button-border hover-accent1 \"><span class=\"btext\">schlie\u00dfen Termin \u2192<\/span><\/a>\n\t\t\t<\/div>\n\t\t<\/div>\n\t<\/div>\n<\/div>\n\n<\/div>\n<div class=\"wpv-grid grid-1-4  unextended\" style=\"padding-top:0px;padding-bottom:0px\" id=\"wpv-column-7aeb2c403765e1509eac6ac7e107cfa2\" ><style scoped>#wpv-expandable-6e53e3ab49187b6083c9fb11214a9144 .closed{background:#1063af;}#wpv-expandable-6e53e3ab49187b6083c9fb11214a9144 .closed,#wpv-expandable-6e53e3ab49187b6083c9fb11214a9144 .closed p,#wpv-expandable-6e53e3ab49187b6083c9fb11214a9144 .closed .sep-text h2.regular-title-wrapper,#wpv-expandable-6e53e3ab49187b6083c9fb11214a9144 .closed .text-divider-double,#wpv-expandable-6e53e3ab49187b6083c9fb11214a9144 .closed .sep-text .sep-text-line,#wpv-expandable-6e53e3ab49187b6083c9fb11214a9144 .closed .sep,#wpv-expandable-6e53e3ab49187b6083c9fb11214a9144 .closed .sep-2,#wpv-expandable-6e53e3ab49187b6083c9fb11214a9144 .closed .sep-3,#wpv-expandable-6e53e3ab49187b6083c9fb11214a9144 .closed td,#wpv-expandable-6e53e3ab49187b6083c9fb11214a9144 .closed th,#wpv-expandable-6e53e3ab49187b6083c9fb11214a9144 .closed a,#wpv-expandable-6e53e3ab49187b6083c9fb11214a9144 .closed caption{color:#c4e0fa;}#wpv-expandable-6e53e3ab49187b6083c9fb11214a9144 .open{background:#476b8d;}#wpv-expandable-6e53e3ab49187b6083c9fb11214a9144 .open,#wpv-expandable-6e53e3ab49187b6083c9fb11214a9144 .open p,#wpv-expandable-6e53e3ab49187b6083c9fb11214a9144 .open .sep-text h2.regular-title-wrapper,#wpv-expandable-6e53e3ab49187b6083c9fb11214a9144 .open .text-divider-double,#wpv-expandable-6e53e3ab49187b6083c9fb11214a9144 .open .sep-text .sep-text-line,#wpv-expandable-6e53e3ab49187b6083c9fb11214a9144 .open .sep,#wpv-expandable-6e53e3ab49187b6083c9fb11214a9144 .open .sep-2,#wpv-expandable-6e53e3ab49187b6083c9fb11214a9144 .open .sep-3,#wpv-expandable-6e53e3ab49187b6083c9fb11214a9144 .open td,#wpv-expandable-6e53e3ab49187b6083c9fb11214a9144 .open th,#wpv-expandable-6e53e3ab49187b6083c9fb11214a9144 .open a,#wpv-expandable-6e53e3ab49187b6083c9fb11214a9144 .open caption{color:#e2eaf1;}<\/style>\n<div class=\"services has-more \" id=\"wpv-expandable-6e53e3ab49187b6083c9fb11214a9144\">\n\t<div class=\"closed services-inside\">\n\t\t<div class=\"services-content-wrapper clearfix\">\n\t\t\t\n\t\t\t <div class=\"push\" style='height:10px'><\/div>\n<span class='icon shortcode  ' style='font-size:26px !important;color:#B5E0FC;'>&#57678;<\/span>\n<div class=\"push\" style='height:8px'><\/div>\n<h3><span style=\"color: #fff;\">Endokrinologisches Zentrum &#8211; Halandri Attica<\/span><\/h3>\n<div class=\"push\" style='height:13px'><\/div>\n<table>\n<tbody>\n<tr>\n<td>Montag<\/td>\n<td style=\"text-align: right;\">17.00 &#8211; 20:00<\/td>\n<\/tr>\n<tr>\n<td>Dienstag<\/td>\n<td style=\"text-align: right;\">17.00 &#8211; 20:00<\/td>\n<\/tr>\n<tr>\n<td>Donnerstag<\/td>\n<td style=\"text-align: right;\">17.00 &#8211; 20:00<\/td>\n<\/tr>\n<tr>\n<td>Freitag<\/td>\n<td style=\"text-align: right;\">17.00 &#8211; 20:00<\/td>\n<\/tr>\n<\/tbody>\n<\/table>\n\n\t\t<\/div>\n\t<\/div>\n\t<div class=\"open services-inside\">\n\t\t<div class=\"services-content-wrapper\">\n\t\t\t<div class=\"row\">\n\t\t\t\t\n<a href=\"\/de\/kontakt\/\" target=\"_self\" style='font-size: 14px;' class=\"button vamtam-button accent8  button-border hover-accent1 \"><span class=\"btext\">schlie\u00dfen Termin \u2192<\/span><\/a>\n\t\t\t<\/div>\n\t\t<\/div>\n\t<\/div>\n<\/div>\n\n<\/div><\/div><\/div><\/div><span data-mce-type=\"bookmark\" style=\"display: inline-block; width: 0px; overflow: hidden; line-height: 0;\" class=\"mce_SELRES_end\">\ufeff<\/span><\/p>\n<div class=\"row \"><div class=\"wpv-grid grid-1-1  wpv-first-level first unextended\" style=\"padding-top:30px;padding-bottom:10px\" id=\"wpv-column-88159bdf68c58bad2117169d7975a029\" ><h1>Endokrinolog halandri<\/h1>\n<div class=\"row \"><div class=\"wpv-grid grid-3-5  first unextended\" style=\"padding-top:20px;padding-bottom:16px\" id=\"wpv-column-63aa0899fd3eda2cfb104c7619b44311\" ><div class=\"row \"><div class=\"wpv-grid grid-1-1  first unextended animation-from-left animated-active\" style=\"padding-top:0px;padding-bottom:0px\" id=\"wpv-column-e0ba84982bf3d176260222b7717599f1\" ><h2>LEONIDAS DUNTAS<br \/>\nProfessor f\u00fcr Pathologie &amp; Endokrinologie<\/h2>\n<div class=\"push\" style='height:20px'><\/div>\n<p style=\"text-align: justify;\">Willkommen auf der Webseite des Professors f\u00fcr <strong>Endokrinologie<\/strong> und Innere Medizin Leonidas Duntas, der ein privates medizinisches Zentrum in <strong>Halandri<\/strong> besitzt Als Absolvent der Lyc\u00e9e L\u00e9onin von Athen, studierte Leonidas Duntas Medizin an der Universit\u00e4t von Bologna, Italien, wo er auch seinen Doktortitel erwarb. Er spezialisierte sich auf Pathologie und Endokrinologie an der Universit\u00e4t Ulm, wo er zum Professor ernannt wurde und die Venia Legendi, die Lehrerlaubnis f\u00fcr deutsche Hochschulen erhielt. Dr. Duntas ist Gastprofessor an den Universit\u00e4ten von Belgrad und Novi Sad (Serbien).<\/p>\n<p style=\"text-align: justify;\">Er war ein gew\u00e4hltes Mitglied des Vorstands der Europ\u00e4ischen Schilddr\u00fcsengesellschaft (\u0395\u03a4\u0391), er ist der Verantwortliche f\u00fcr die Trainingsprogramme des Bildungsausschusses der \u0395\u03a4\u0391, er ist Mitglied des Gesundheitsausschusses der ETA und &#8211; bis vor kurzem &#8211; des Komitees f\u00fcr \u00f6ffentliche Gesundheit der Amerikanischen Schilddr\u00fcsengesellschaft (ATA). Professor Leonidas Duntas ist auch aktives Mitglied der HASOMED (Griechische Gesellschaft zur Erforschung von Adipositas, Stoffwechsel und Essst\u00f6rungen), deren Pr\u00e4sident er auch war. Durch seine fundierte wissenschaftliche Ausbildung und sein ausgepr\u00e4gtes Verantwortungsbewusstsein gegen\u00fcber seinen Patienten ist es Dr. Duntas m\u00f6glich, \u00e4rztliche Dienstleistungen auf hohem Niveau anzubieten und alle Krankheiten zu behandeln, die den wissenschaftlichen Bereich der Endokrinologie betreffen.<\/p>\n<div class=\"push\" style='height:10px'><\/div><\/div><\/div>\n<div class=\"row \"><div class=\"wpv-grid grid-1-3  first unextended animation-from-left animated-active\" style=\"padding-top:0px;padding-bottom:0px\" id=\"wpv-column-6086251f996c6220e8a986c3bfb1b5a6\" ><ul style=\"list-style-type: disc; padding-left: 20px;\">\n<li><a href=\"\/?page_id=8012\">Schilddr\u00fcse<\/a><\/li>\n<li><a href=\"\/?page_id=8012\">Hyperthyreose<\/a><\/li>\n<li><a href=\"\/?page_id=8012\">Hypothyreose<\/a><\/li>\n<\/ul><\/div>\n<div class=\"wpv-grid grid-1-3  unextended\" style=\"padding-top:0px;padding-bottom:0px\" id=\"wpv-column-6e607b8c22949936c24188f9351e3e6c\" ><ul style=\"list-style-type: disc; padding-left: 20px;\">\n<li><a href=\"\/?page_id=8016\">Diabetes mellitus<\/a><\/li>\n<li><a href=\"\/?page_id=8016\">Typ 1 Diabetes<\/a><\/li>\n<li><a href=\"\/?page_id=8016\">Typ 2 Diabetes<\/a><\/li>\n<\/ul><\/div>\n<div class=\"wpv-grid grid-1-3  unextended animation-from-right animated-active\" style=\"padding-top:0px;padding-bottom:0px\" id=\"wpv-column-d5e43e4097c6cdb1b239a5a0553ecefb\" ><div class=\"push\" style='height:20px'><\/div> <p class=\"textcenter\"><a href=\"\/iatrika-themata\/\" target=\"_self\" style='font-size: 14px;' class=\"button vamtam-button accent1  button-border hover-accent1 \"><span class=\"btext\">Medizinische Fragen\u00a0\u2192<\/span><\/a><\/p><\/div><\/div><\/div>\n<div class=\"wpv-grid grid-2-5  unextended\" style=\"padding-top:40px;padding-bottom:16px\" id=\"thyroid\" ><p><a href=\"\/?page_id=8012\"><img class=\"alignright wp-image-8090 size-full\" src=\"http:\/\/ntountas-endokrinologos.gr\/wp-content\/uploads\/2014\/04\/thyroid-gland.jpg\" alt=\"thyroid-gland\" width=\"464\" height=\"464\" srcset=\"https:\/\/ntountas-endokrinologos.gr\/wp-content\/uploads\/2014\/04\/thyroid-gland.jpg 464w, https:\/\/ntountas-endokrinologos.gr\/wp-content\/uploads\/2014\/04\/thyroid-gland-150x150.jpg 150w, https:\/\/ntountas-endokrinologos.gr\/wp-content\/uploads\/2014\/04\/thyroid-gland-150x150@2x.jpg 300w, https:\/\/ntountas-endokrinologos.gr\/wp-content\/uploads\/2014\/04\/thyroid-gland-60x60.jpg 60w, https:\/\/ntountas-endokrinologos.gr\/wp-content\/uploads\/2014\/04\/thyroid-gland-43x43.jpg 43w, https:\/\/ntountas-endokrinologos.gr\/wp-content\/uploads\/2014\/04\/thyroid-gland-360x360.jpg 360w, https:\/\/ntountas-endokrinologos.gr\/wp-content\/uploads\/2014\/04\/thyroid-gland-262x262.jpg 262w, https:\/\/ntountas-endokrinologos.gr\/wp-content\/uploads\/2014\/04\/thyroid-gland-60x60@2x.jpg 120w, https:\/\/ntountas-endokrinologos.gr\/wp-content\/uploads\/2014\/04\/thyroid-gland-43x43@2x.jpg 86w\" sizes=\"(max-width: 464px) 100vw, 464px\" \/><\/a><\/div><\/div><\/div><\/div>\n<div class=\"push\" style='height:60px'><\/div>\n<div class=\"row \"><div class=\"wpv-grid grid-1-1  wpv-first-level first has-background extended\" style=\"\n\t\t\t\tbackground: url( 'https:\/\/ntountas-endokrinologos.gr\/wp-content\/uploads\/2014\/04\/\u039b\u03b5\u03c9\u03bd\u03af\u03b4\u03b1\u03c2-\u039d\u03c4\u03bf\u03cd\u03bd\u03c4\u03b1\u03c2-\u0395\u03bd\u03b4\u03bf\u03ba\u03c1\u03b9\u03bd\u03bf\u03bb\u03cc\u03b3\u03bf\u03c2-\u03a7\u03b1\u03bb\u03ac\u03bd\u03b4\u03c1\u03b9.jpg' ) no-repeat ;\n\t\t\t\tbackground-size: cover;\n\t\t\t\tbackground-attachment: fixed;\n\t\t\tpadding-top:200px;padding-bottom:170px\" id=\"section-moto\" ><div class=\"extended-column-inner\"><h3 style=\"text-align: center; color: #fff;\">\u201cDie Unterfunktion der Schilddr\u00fcse ist assoziiert mit einer Reduktion der Fertilit\u00e4t\u201d<\/h3>\n<h4 style=\"text-align: center; color: #d0f2fd;\">\u2014 Dr. Leonidas Duntas<\/h4><\/div><\/div><\/div>\n<div class=\"push\" style='margin-bottom:-20px'><\/div>\n<div class=\"row \"><div class=\"wpv-grid grid-1-1  wpv-first-level first has-background extended animation-zoom-in animated-active\" style=\"\n\t\t\t\tbackground: url( 'https:\/\/health-center.vamtam.com\/wp-content\/uploads\/2014\/01\/fb_bg_white.png' ) no-repeat center top;\n\t\t\t\tbackground-size: auto;\n\t\t\t\tbackground-attachment: ;\n\t\t\tpadding-top:0px;padding-bottom:0px\" id=\"wpv-column-8d9a267f7163a205c7edca91dbb0f096\" ><div class=\"extended-column-inner\"><p style=\"text-align: center;\"><iframe loading=\"lazy\" style=\"border: none; overflow: hidden; width: 370px; height: 35px; margin: auto;\" src=\"\/\/www.facebook.com\/plugins\/like.php?href=http%3A%2F%2Fdevelopers.facebook.com%2Fdocs%2Freference%2Fplugins%2Flike&amp;width=450&amp;height=35&amp;colorscheme=light&amp;layout=standard&amp;action=like&amp;show_faces=true&amp;send=false&amp;locale=en_US&amp;&amp;appId=109685179165924\" width=\"320\" height=\"240\"><\/iframe><\/div><\/div><\/div>\n<div class=\"push\" style='height:10px'><\/div>\n<div class=\"row \"><div class=\"wpv-grid grid-1-1  wpv-first-level first extended animation-from-left animated-active\" style=\"padding-top:0px;padding-bottom:0px\" id=\"wpv-column-8a68bb82e87321274b80eba630775a84\" ><div class=\"extended-column-inner\">\t\t<h3 class=\"text-divider-double\">\t\t\tMedizinische Gebiete\t\t<\/h3>\t\t<div class=\"sep\"><\/div>\t<div class=\"row \"><div class=\"wpv-grid grid-2-5  first unextended animation-from-left animated-active\" style=\"padding-top:0px;padding-bottom:0px\" id=\"wpv-column-71fac1ce5d78a47633d60e9c05a6e265\" ><p><img class=\"alignleft size-full wp-image-7466\" src=\"\/wp-content\/uploads\/2016\/07\/\u0399\u03b1\u03c4\u03c1\u03b9\u03ba\u03ac-\u0398\u03ad\u03bc\u03b1\u03c4\u03b1.jpg\" alt=\"\u0399\u03b1\u03c4\u03c1\u03b9\u03ba\u03ac \u0398\u03ad\u03bc\u03b1\u03c4\u03b1 - \u039b\u03b5\u03c9\u03bd\u03af\u03b4\u03b1\u03c2 \u039d\u03c4\u03bf\u03cd\u03bd\u03c4\u03b1\u03c2\" width=\"auto\" height=\"auto\" \/><\/div>\n<div class=\"wpv-grid grid-3-5  unextended animation-fade-in animated-active\" style=\"padding-top:0px;padding-bottom:0px\" id=\"wpv-column-07af7c027cde2725da57d17f3b643b98\" ><p style=\"text-align: justify;\">Der Professor f\u00fcr Endokrinologie Leonidas Duntas ist der Autor vieler Artikel und Rezensionen in wissenschaftlichen Zeitschriften und B\u00fcchern, hat \u00fcber 100 Ver\u00f6ffentlichungen in MEDLINE und ist Autor und Herausgeber von drei B\u00fcchern.<\/p>\n<p style=\"text-align: justify;\">Dar\u00fcber hinaus ist er stellvertretender Herausgeber von Schilddr\u00fcse und Hormone (Athen), ein regelm\u00e4\u00dfiger Rezensent vieler international etablierter wissenschaftlicher Zeitschriften und Mitglied von Redaktionskommitees.<\/p>\n\n<ul class=\"styled-list  icon-accent2\">\n<li class=\" icon-b \" data-icon=\"&#57944;\"><span style=\"font-size: 14px; line-height: 30px;\">Schilddr\u00fcse und Schwangerschaft<\/span><\/li>\n<li class=\" icon-b \" data-icon=\"&#57944;\"><span style=\"font-size: 14px; line-height: 30px;\">Schilddr\u00fcse und Fruchtbarkeit<\/span><\/li>\n<li class=\" icon-b \" data-icon=\"&#57944;\"><span style=\"font-size: 14px; line-height: 30px;\">Hyperparathyreoidismus<\/span><\/li>\n<\/ul>\n\n<a href=\"\/de\/medizinische-fragen\/\" target=\"_self\" style='font-size: 14px;' class=\"button vamtam-button accent1  button-border hover-accent1  alignleft\"><span class=\"btext\">Medizinische Gebiete\u00a0\u2192<\/span><\/a><\/div><\/div><\/div><\/div><\/div>\n","protected":false},"excerpt":{"rendered":"<p>\ufeff[\/column_1] [\/column_1] [\/column_1] [\/column_1] \ufeff Endokrinolog halandri LEONIDAS DUNTAS Professor f\u00fcr Pathologie &amp; Endokrinologie Willkommen auf der Webseite des Professors f\u00fcr Endokrinologie und Innere Medizin Leonidas Duntas, der ein privates medizinisches Zentrum in Halandri besitzt Als Absolvent der Lyc\u00e9e L\u00e9onin von Athen, studierte Leonidas Duntas Medizin an der Universit\u00e4t von Bologna, Italien, wo er auch&#8230;<\/p>\n","protected":false},"author":2,"featured_media":0,"parent":0,"menu_order":0,"comment_status":"closed","ping_status":"closed","template":"","meta":[],"_links":{"self":[{"href":"https:\/\/ntountas-endokrinologos.gr\/de\/wp-json\/wp\/v2\/pages\/8102"}],"collection":[{"href":"https:\/\/ntountas-endokrinologos.gr\/de\/wp-json\/wp\/v2\/pages"}],"about":[{"href":"https:\/\/ntountas-endokrinologos.gr\/de\/wp-json\/wp\/v2\/types\/page"}],"author":[{"embeddable":true,"href":"https:\/\/ntountas-endokrinologos.gr\/de\/wp-json\/wp\/v2\/users\/2"}],"replies":[{"embeddable":true,"href":"https:\/\/ntountas-endokrinologos.gr\/de\/wp-json\/wp\/v2\/comments?post=8102"}],"version-history":[{"count":0,"href":"https:\/\/ntountas-endokrinologos.gr\/de\/wp-json\/wp\/v2\/pages\/8102\/revisions"}],"wp:attachment":[{"href":"https:\/\/ntountas-endokrinologos.gr\/de\/wp-json\/wp\/v2\/media?parent=8102"}],"curies":[{"name":"wp","href":"https:\/\/api.w.org\/{rel}","templated":true}]}}