{"id":8106,"date":"2016-07-04T12:55:54","date_gmt":"2016-07-04T12:55:54","guid":{"rendered":"https:\/\/ntountas-endokrinologos.gr\/de\/thyreoidis\/"},"modified":"2017-07-03T11:24:27","modified_gmt":"2017-07-03T11:24:27","slug":"schilddruese","status":"publish","type":"page","link":"https:\/\/ntountas-endokrinologos.gr\/de\/schilddruese\/","title":{"rendered":"Schilddr\u00fcse"},"content":{"rendered":"\t\t<h3 class=\"text-divider-double\">\t\t\t\nWas ist?\t\t<\/h3>\t\t<div class=\"sep\"><\/div>\t\n<blockquote>\n<p style=\"text-align: justify;\">Die <strong>Schilddr\u00fcse<\/strong> ist eine sehr wichtige Dr\u00fcse, die im Bereich unserer Kehle \u00fcber der Luftr\u00f6hre und direkt unter dem Kehlkopf sitzt. Die Schilddr\u00fcse steuert wichtige Funktionen des menschlichen K\u00f6rpers. Es regelt die Verbrennungen in Zellen, Wachstum, Stoffwechsel, sowie unsere psychische Gesundheit und das Gleichgewicht. Die biologischen Funktionen der Schilddr\u00fcse erfolgen durch die produzierten \u03a43 und \u03a44 Hormone, f\u00fcr deren Aufbau die Anwesenheit von Jod erforderlich ist.<\/p>\n<\/blockquote>\n<div class=\"push\" style='height:10px'><\/div>\n<h2>Schilddr\u00fcsenprobleme<\/h2>\n<div class=\"push\" style='height:10px'><\/div>\n\t\t<h3 class=\"text-divider-double\">\t\t\t\nHyperthyreose (Schilddr\u00fcsen\u00fcberfunktion)\t\t<\/h3>\t\t<div class=\"sep\"><\/div>\t\n<blockquote>\n<p style=\"text-align: justify;\">Dies ist ein Zustand, wo die Schilddr\u00fcse h\u00f6here Mengen an Schilddr\u00fcsenhormonen als normal absondert.<\/p>\n<\/blockquote>\n<p style=\"text-align: justify;\">Bei Hyperthyreose k\u00f6nnen bei Patienten erh\u00f6hte Nervosit\u00e4t, Gliederzittern, Schlaflosigkeit, Herzrasen, Atemnot und h\u00e4ufige M\u00fcdigkeit auftreten. Au\u00dferdem leiden sie unter Hitzewallungen, k\u00f6nnen gr\u00f6\u00dferen Appetit haben und trotz gr\u00f6\u00dferer Nahrungsaufnahme Gewicht verlieren. Bei Patienten mit Hyperthyreose kann Exophthalmus (Vorw\u00f6lbung der Augen) auftreten.<\/p>\n<div class=\"row \"><div class=\"wpv-grid grid-1-2  wpv-first-level first unextended animation-zoom-in animated-active\" style=\"padding-top:0px;padding-bottom:0px\" id=\"wpv-column-de3295a45fec7c1322fd093e64c9f668\" ><p style=\"text-align: center;\"><div class=\"push\" style='height:20px'><\/div><img class=\"size-full wp-image-7603 aligncenter\" src=\"\/wp-content\/uploads\/2016\/07\/\u03a5\u03c0\u03b5\u03c1\u03b8\u03c5\u03c1\u03b5\u03bf\u03b5\u03b9\u03b4\u03b9\u03c3\u03bc\u03cc\u03c2-\u039b\u03b5\u03c9\u03bd\u03af\u03b4\u03b1\u03c2-\u039d\u03c4\u03bf\u03cd\u03bd\u03c4\u03b1\u03c2.jpg\" alt=\"\u0398\u03c5\u03c1\u03b5\u03bf\u03b5\u03b9\u03b4\u03ae\u03c2 - \u03a5\u03c0\u03b5\u03c1\u03b8\u03c5\u03c1\u03b5\u03bf\u03b5\u03b9\u03b4\u03b9\u03c3\u03bc\u03cc\u03c2\" width=\"auto\" height=\"auto\" \/><\/div>\n<div class=\"wpv-grid grid-1-2  wpv-first-level unextended\" style=\"padding-top:0px;padding-bottom:0px\" id=\"wpv-column-98f2e9d5536d1bf80b376348080c2e7a\" ><div class=\"push\" style='height:22px'><\/div>\n<p><strong>Etwas ausf\u00fchrlicher: Hyperthyreose (Schilddr\u00fcsen\u00fcberfunktion)<br \/>\n<\/strong><\/p>\n\n<ul class=\"styled-list  icon-accent2\">\n<li class=\" icon-b \" data-icon=\"&#57944;\">Herzrasen<\/li>\n<li class=\" icon-b \" data-icon=\"&#57944;\">Nervosit\u00e4t<\/li>\n<li class=\" icon-b \" data-icon=\"&#57944;\">Verringerte Ausdauer<\/li>\n<li class=\" icon-b \" data-icon=\"&#57944;\">Durchfall<\/li>\n<li class=\" icon-b \" data-icon=\"&#57944;\">Hyperhidrose (\u00fcberm\u00e4\u00dfiges Schwitzen)<\/li>\n<li class=\" icon-b \" data-icon=\"&#57944;\">Muskelschw\u00e4che<\/li>\n<li class=\" icon-b \" data-icon=\"&#57944;\">Zittern in den Armen<\/li>\n<li class=\" icon-b \" data-icon=\"&#57944;\">Gewichtsverlust trotz gutem Appetit<\/li>\n<li class=\" icon-b \" data-icon=\"&#57944;\">Hitze-Intoleranz<\/li>\n<li class=\" icon-b \" data-icon=\"&#57944;\">Haarausfall<\/li>\n<li class=\" icon-b \" data-icon=\"&#57944;\">Hautprobleme<\/li>\n<li class=\" icon-b \" data-icon=\"&#57944;\">Menstruationsst\u00f6rungen<\/li>\n<li class=\" icon-b \" data-icon=\"&#57944;\">Exophthalmus (hervortretende Augen)<\/li>\n<li class=\" icon-b \" data-icon=\"&#57944;\">Kropf (Struma)<\/li>\n<\/ul>\n\n<p style=\"text-align: justify;\">Die Schilddr\u00fcse ist vergr\u00f6\u00dfert und eine Schwellung in den Rachenraum entsteht.<\/p>\n<div class=\"push\" style='height:40px'><\/div><\/div><\/div>\n\t\t<h3 class=\"text-divider-double\">\t\t\t\nHypothyreose (Schilddr\u00fcsenunterfunktion)\t\t<\/h3>\t\t<div class=\"sep\"><\/div>\t\n<blockquote>\n<p style=\"text-align: justify;\">Ein Zustand, wo die Schilddr\u00fcse verringerte Mengen an Hormonen absondert.<\/p>\n<\/blockquote>\n<p style=\"text-align: justify;\">Bei Patienten k\u00f6nnen intensive M\u00fcdigkeit, k\u00f6rperliche Schw\u00e4che und Schl\u00e4frigkeit, sogar langsam Sprechgeschwindigkeit, auftreten. Dar\u00fcber hinaus auch K\u00e4lteempfindlichkeit, trockene Haut oder Gewichtszunahme.<\/p>\n<div class=\"row \"><div class=\"wpv-grid grid-1-2  wpv-first-level first unextended animation-from-left animated-active\" style=\"padding-top:0px;padding-bottom:0px\" id=\"wpv-column-5b300b793bc932982e2d327d0328b38a\" ><div class=\"push\" style='height:2px'><\/div>\n<p><strong>Etwas ausf\u00fchrlicher: Hypothyreose (Schilddr\u00fcsenunterfunktion)<br \/>\n<\/strong><\/p>\n\n<ul class=\"styled-list  icon-accent2\">\n<li class=\" icon-b \" data-icon=\"&#57944;\">Schw\u00e4che<\/li>\n<li class=\" icon-b \" data-icon=\"&#57944;\">Verringerte Ausdauer<\/li>\n<li class=\" icon-b \" data-icon=\"&#57944;\">Obstipation (Verstopfung)<\/li>\n<li class=\" icon-b \" data-icon=\"&#57944;\">Arthritis<\/li>\n<li class=\" icon-b \" data-icon=\"&#57944;\">Xerodermia (trockene Haut)<\/li>\n<li class=\" icon-b \" data-icon=\"&#57944;\">Ged\u00e4chtnisst\u00f6rungen<\/li>\n<li class=\" icon-b \" data-icon=\"&#57944;\">Menstruationsst\u00f6rungen<\/li>\n<li class=\" icon-b \" data-icon=\"&#57944;\">Fertilit\u00e4tsst\u00f6rungen<\/li>\n<li class=\" icon-b \" data-icon=\"&#57944;\">Kr\u00e4mpfe<\/li>\n<li class=\" icon-b \" data-icon=\"&#57944;\">Depressionen<\/li>\n<li class=\" icon-b \" data-icon=\"&#57944;\">Somnolenz (Schl\u00e4frigkeit)<\/li>\n<li class=\" icon-b \" data-icon=\"&#57944;\">Gewichtszunahme<\/li>\n<\/ul>\n<\/div>\n<div class=\"wpv-grid grid-1-2  wpv-first-level unextended animation-zoom-in animated-active\" style=\"padding-top:0px;padding-bottom:0px\" id=\"wpv-column-51b22f1fed0744bfa979773170ed8015\" ><p><img class=\"aligncenter size-full wp-image-7604\" src=\"\/wp-content\/uploads\/2016\/07\/\u03a5\u03c0\u03bf\u03b8\u03c5\u03c1\u03b5\u03bf\u03b5\u03b9\u03b4\u03b9\u03c3\u03bc\u03cc\u03c2-\u039b\u03b5\u03c9\u03bd\u03af\u03b4\u03b1\u03c2-\u039d\u03c4\u03bf\u03cd\u03bd\u03c4\u03b1\u03c2.jpg\" alt=\"\u0398\u03c5\u03c1\u03b5\u03bf\u03b5\u03b9\u03b4\u03ae\u03c2 - \u03a5\u03c0\u03bf\u03b8\u03c5\u03c1\u03b5\u03bf\u03b5\u03b9\u03b4\u03b9\u03c3\u03bc\u03cc\u03c2\" width=\"auto\" height=\"auto\" \/><\/div><\/div>\n<p><strong>Behandlung<\/strong><\/p>\n<p style=\"text-align: justify;\">Die Erkrankungen der Schilddr\u00fcse werden in der Regel mit Medikamenten und systematischen Untersuchungen durch den Endokrinologen behandelt. Wenn trotz der Medikamente die Ergebnisse der Behandlung nicht ausreichend sind, wird eine chirurgische Behandlung empfohlen, die die einzige L\u00f6sung ist in dem Fall, wo die Schilddr\u00fcse entfernt werden muss &#8211; Thyreoidektomie (z. B. bei Schilddr\u00fcsen-Krebs).<\/p>\n\t\t<h3 class=\"text-divider-double\">\t\t\t\nSchilddr\u00fcsenknoten\t\t<\/h3>\t\t<div class=\"sep\"><\/div>\t\n<div class=\"row \"><div class=\"wpv-grid grid-1-2  wpv-first-level first unextended animation-zoom-in animated-active\" style=\"padding-top:0px;padding-bottom:0px\" id=\"wpv-column-03796d7bcd76ca7fc5b42b01aeeaa778\" ><p><img class=\"aligncenter size-full wp-image-7605\" style=\"border-radius: 50%;\" src=\"\/wp-content\/uploads\/2016\/07\/\u038c\u03b6\u03bf\u03b9-\u03c4\u03bf\u03c5-\u0398\u03c5\u03c1\u03b5\u03bf\u03b5\u03b9\u03b4\u03bf\u03cd\u03c2.jpg\" alt=\"\u0398\u03c5\u03c1\u03b5\u03bf\u03b5\u03b9\u03b4\u03ae\u03c2 - \u038c\u03b6\u03bf\u03b9-\u03c4\u03bf\u03c5-\u0398\u03c5\u03c1\u03b5\u03bf\u03b5\u03b9\u03b4\u03bf\u03cd\u03c2\" width=\"354\" height=\"354\" \/><\/div>\n<div class=\"wpv-grid grid-1-2  wpv-first-level unextended animation-from-right animated-active\" style=\"padding-top:0px;padding-bottom:0px\" id=\"wpv-column-00a2a6d8fcd54752bc3ca9bf97877ae6\" ><div class=\"push\" style='height:22px'><\/div>\n<p style=\"text-align: justify;\">Im Schilddr\u00fcsengewebe k\u00f6nnen Erweiterungen, kleine Tumore auftreten, die Kn\u00f6tchen genannt werden. Die Kn\u00f6tchen sind eigentlich feste, kompakte Gewebeansammlungen oder Gewebeansammlungen, die mit Fl\u00fcssigkeit gef\u00fcllt sind. Die meisten der Knoten in der Schilddr\u00fcse sind gutartig. In einem sehr kleinen Prozentsatz sind sie verantwortlich f\u00fcr Schilddr\u00fcsenkrebs. Da jedoch einige Kn\u00f6tchen ein Malignom verbergen k\u00f6nnen, ist ihre regelm\u00e4\u00dfige \u00dcberwachung und Untersuchung sehr wichtig. Wenn die Kn\u00f6tchen klein ist kann es schwer erkannt werden, w\u00e4hrend, wenn es gro\u00df ist, auch als Ausbuchtung erscheinen kann.<\/p>\n<p style=\"text-align: justify;\">In einigen F\u00e4llen kann es auch Druck auf die Speiser\u00f6hre verursachen und Dyspnoe (Atemnot) verursachen, ebenso wie Schluckbeschwerden. \u00a0Es sollte angemerkt werden, dass Kn\u00f6tchen in der Schilddr\u00fcse sich bei fast der H\u00e4lfte der Weltbev\u00f6lkerung finden und nur in ungef\u00e4hr 5% der F\u00e4lle b\u00f6sartig sind. Die meisten Kn\u00f6tchen werden zuf\u00e4llig w\u00e4hrend einer klinischen Untersuchung erkannt, da sie sehr klein sind, nur wenige Millimeter. Die kleinen Kn\u00f6tchen sind selbst mit Ultraschall schwer zu entdecken.<\/div><\/div>\n","protected":false},"excerpt":{"rendered":"<p>Die Schilddr\u00fcse ist eine sehr wichtige Dr\u00fcse, die im Bereich unserer Kehle \u00fcber der Luftr\u00f6hre und direkt unter dem Kehlkopf sitzt. Die Schilddr\u00fcse steuert wichtige Funktionen des menschlichen K\u00f6rpers. Es regelt die Verbrennungen in Zellen, Wachstum, Stoffwechsel, sowie unsere psychische Gesundheit und das Gleichgewicht. Die biologischen Funktionen der Schilddr\u00fcse erfolgen durch die produzierten \u03a43 und&#8230;<\/p>\n","protected":false},"author":2,"featured_media":0,"parent":0,"menu_order":0,"comment_status":"closed","ping_status":"closed","template":"","meta":[],"_links":{"self":[{"href":"https:\/\/ntountas-endokrinologos.gr\/de\/wp-json\/wp\/v2\/pages\/8106"}],"collection":[{"href":"https:\/\/ntountas-endokrinologos.gr\/de\/wp-json\/wp\/v2\/pages"}],"about":[{"href":"https:\/\/ntountas-endokrinologos.gr\/de\/wp-json\/wp\/v2\/types\/page"}],"author":[{"embeddable":true,"href":"https:\/\/ntountas-endokrinologos.gr\/de\/wp-json\/wp\/v2\/users\/2"}],"replies":[{"embeddable":true,"href":"https:\/\/ntountas-endokrinologos.gr\/de\/wp-json\/wp\/v2\/comments?post=8106"}],"version-history":[{"count":0,"href":"https:\/\/ntountas-endokrinologos.gr\/de\/wp-json\/wp\/v2\/pages\/8106\/revisions"}],"wp:attachment":[{"href":"https:\/\/ntountas-endokrinologos.gr\/de\/wp-json\/wp\/v2\/media?parent=8106"}],"curies":[{"name":"wp","href":"https:\/\/api.w.org\/{rel}","templated":true}]}}