{"id":8110,"date":"2016-07-04T14:11:13","date_gmt":"2016-07-04T14:11:13","guid":{"rendered":"https:\/\/ntountas-endokrinologos.gr\/de\/diabetes-mellitus\/"},"modified":"2017-07-03T11:26:05","modified_gmt":"2017-07-03T11:26:05","slug":"diabetes-mellitus","status":"publish","type":"page","link":"https:\/\/ntountas-endokrinologos.gr\/de\/diabetes-mellitus\/","title":{"rendered":"Diabetes Mellitus"},"content":{"rendered":"\t\t<h3 class=\"text-divider-double\">\t\t\t\nWas ist?\t\t<\/h3>\t\t<div class=\"sep\"><\/div>\t\n<blockquote>\n<p style=\"text-align: justify;\"><strong>Diabetes<\/strong> ist eine Stoffwechselst\u00f6rung. Der Stoffwechsel ist ein Mechanismus, mit dem unser K\u00f6rper Nahrung verarbeitet, um Energie f\u00fcr den menschlichen Organismus zu erzeugen.<\/p>\n<\/blockquote>\n<p style=\"text-align: justify;\">Die meiste Nahrung, die wir zu uns nehmen, wird &#8211; unter anderem &#8211; zu Glukose verarbeitet. <strong>Glukose<\/strong> ist die wichtigste Energiequelle f\u00fcr unseren K\u00f6rper. Die Zellen unseres K\u00f6rpers nutzen die Glukose und verwandeln sie in Energie. Jedoch kann die Glukose nicht ohne das Vorhandensein einer bestimmten Substanz, des Insulins, in die Zellen eindringen.<\/p>\n<p style=\"text-align: justify;\"><strong>Insulin<\/strong> ist ein Hormon, das in der Bauchspeicheldr\u00fcse produziert wird. Genauer gesagt setzt die Bauchspeicheldr\u00fcse nach der Nahrungsaufnahme eine &#8211; bedeutende &#8211; Menge von Insulin frei, die die Glukose zu den Zellen transportiert. Diese Bewegung geht mit der Verringerung der Zucker(Glukose)spiegels im Blut einher. \u00a0Diabetes tritt auf, wenn der menschliche K\u00f6rper Nahrung nicht in Energie umwandeln kann und daher der Zuckerspiegel im Blut steigt.<\/p>\n<div class=\"row \"><div class=\"wpv-grid grid-1-1  wpv-first-level first unextended animation-from-left animated-active\" style=\"padding-top:0px;padding-bottom:0px\" id=\"wpv-column-80553ca377bffa66ce6d09a6616db36b\" >\t\t<h3 class=\"text-divider-double\">\t\t\tEs gibt drei Arten von Diabetes:\t\t<\/h3>\t\t<div class=\"sep\"><\/div>\t<div class=\"wpv-tabs horizontal\" id=\"tabs-1\"><ul class=\"ui-tabs-nav\"><li><a href=\"#tab-1-0-typ-1-diabetes\"> <span class=\"title-text\">Typ 1 Diabetes<\/span><\/a><\/li><li><a href=\"#tab-1-1-typ-2-diabetes\"> <span class=\"title-text\">Typ 2 Diabetes<\/span><\/a><\/li><li><a href=\"#tab-1-2-schwangerschaftsdiabetes\"> <span class=\"title-text\">Schwangerschaftsdiabetes<\/span><\/a><\/li><\/ul><div class=\"pane\" id=\"tab-1-0-typ-1-diabetes\"><div class=\"push\" style='height:60px'><\/div>\n<div class=\"row \"><div class=\"wpv-grid grid-1-2  first unextended\" style=\"padding-top:0px;padding-bottom:0px\" id=\"wpv-column-c3166cc9ae6afaeff9e7c329e95411dc\" ><p style=\"text-align: justify;\"><strong>Typ 1 Diabetes<\/strong> ist eine Autoimmunerkrankung. Der menschliche K\u00f6rper selbst zerst\u00f6rt die Zellen, die das Insulin produzieren. So wird das Insulin, das von unserem K\u00f6rper ben\u00f6tigt wird, nicht produziert. Diabetes Typ 1 kann bei Patienten im jugendlichen Alter auftreten (jugendliche Diabetes). Leider gibt es f\u00fcr Typ 1 Diabetes keine Vorbeugung. Bis zu ihrem Auftreten gibt es \u00fcberhaupt keine Symptome. Patienten mit Typ 1-Diabetes m\u00fcssen genau darauf achten, was sie essen. Daher wird die Hilfe eines Spezialisten als erforderlich angesehen, damit der Patient eine geregelte Di\u00e4t einh\u00e4lt.<\/div>\n<div class=\"wpv-grid grid-1-2  unextended\" style=\"padding-top:0px;padding-bottom:0px\" id=\"wpv-column-6ae583ccd2b468759b7f4577bd51e44c\" ><p><img class=\"wp-image-8091 size-full aligncenter\" src=\"http:\/\/ntountas-endokrinologos.gr\/wp-content\/uploads\/2016\/07\/Diabetes-type-1.jpg\" alt=\"Diabetes-type-1 - \u039b\u03b5\u03c9\u03bd\u03af\u03b4\u03b1\u03c2 \u039d\u03c4\u03bf\u03cd\u03bd\u03c4\u03b1\u03c2\" width=\"408\" height=\"314\" srcset=\"https:\/\/ntountas-endokrinologos.gr\/wp-content\/uploads\/2016\/07\/Diabetes-type-1.jpg 408w, https:\/\/ntountas-endokrinologos.gr\/wp-content\/uploads\/2016\/07\/Diabetes-type-1-300x231.jpg 300w, https:\/\/ntountas-endokrinologos.gr\/wp-content\/uploads\/2016\/07\/Diabetes-type-1-360x276.jpg 360w, https:\/\/ntountas-endokrinologos.gr\/wp-content\/uploads\/2016\/07\/Diabetes-type-1-262x201.jpg 262w\" sizes=\"(max-width: 408px) 100vw, 408px\" \/><\/div><\/div><\/div><div class=\"pane\" id=\"tab-1-1-typ-2-diabetes\"><div class=\"push\" style='height:60px'><\/div>\n<div class=\"row \"><div class=\"wpv-grid grid-1-2  first unextended\" style=\"padding-top:0px;padding-bottom:0px\" id=\"wpv-column-c593f1dba2d24d190717b7a47003e619\" ><p><img class=\"aligncenter wp-image-8092 size-full\" src=\"http:\/\/ntountas-endokrinologos.gr\/wp-content\/uploads\/2016\/07\/Diabetes-type-2.jpg\" alt=\"Diabetes-type-2 - \u039b\u03b5\u03c9\u03bd\u03af\u03b4\u03b1\u03c2 \u039d\u03c4\u03bf\u03cd\u03bd\u03c4\u03b1\u03c2\" width=\"417\" height=\"314\" srcset=\"https:\/\/ntountas-endokrinologos.gr\/wp-content\/uploads\/2016\/07\/Diabetes-type-2.jpg 417w, https:\/\/ntountas-endokrinologos.gr\/wp-content\/uploads\/2016\/07\/Diabetes-type-2-300x226.jpg 300w, https:\/\/ntountas-endokrinologos.gr\/wp-content\/uploads\/2016\/07\/Diabetes-type-2-360x271.jpg 360w, https:\/\/ntountas-endokrinologos.gr\/wp-content\/uploads\/2016\/07\/Diabetes-type-2-262x197.jpg 262w\" sizes=\"(max-width: 417px) 100vw, 417px\" \/><\/div>\n<div class=\"wpv-grid grid-1-2  unextended\" style=\"padding-top:0px;padding-bottom:0px\" id=\"wpv-column-37d0466549e1c2bf72e37a93104b1044\" ><p style=\"text-align: justify;\">Dies ist die h\u00e4ufigste Form von Diabetes. Sie tritt gew\u00f6hnlich viel sp\u00e4ter im Leben auf als Diabetes Typ 1. Bei Typ 2 Diabetes produziert der K\u00f6rper Insulin, aber die Funktion ist vermindert. Daher wird die Glukose nicht ausreichend zu den Zellen transportiert.<\/p>\n<p style=\"text-align: justify;\"><strong>\u00a0<\/strong><\/p>\n<p>Dies f\u00fchrt zu folgenden Ergebnissen:<\/p>\n<ul>\n<li style=\"text-align: justify;\">im Blut sammelt sich Glukose.<\/li>\n<li style=\"text-align: justify;\">die Zellen erhalten nicht die Glukose, die sie ben\u00f6tigen.<\/li>\n<\/ul><\/div><\/div><\/div><div class=\"pane\" id=\"tab-1-2-schwangerschaftsdiabetes\"><div class=\"push\" style='height:60px'><\/div>\n<div class=\"row \"><div class=\"wpv-grid grid-1-2  first unextended\" style=\"padding-top:0px;padding-bottom:0px\" id=\"wpv-column-877ccc7c09961b631c3dd9b12b3f02d5\" ><p style=\"text-align: justify;\">* Es gibt Frauen, bei denen sich w\u00e4hrend der Schwangerschaft Diabetes entwickelt.<\/div>\n<div class=\"wpv-grid grid-1-2  unextended\" style=\"padding-top:0px;padding-bottom:0px\" id=\"wpv-column-851ebd987ca96cdbd9b07d4e3bc7a22c\" ><p><img class=\"aligncenter wp-image-8093 size-full\" src=\"http:\/\/ntountas-endokrinologos.gr\/wp-content\/uploads\/2016\/07\/endocrine-diseases.jpg\" alt=\"endocrine-diseases - \u039b\u03b5\u03c9\u03bd\u03af\u03b4\u03b1\u03c2 \u039d\u03c4\u03bf\u03cd\u03bd\u03c4\u03b1\u03c2\" width=\"471\" height=\"314\" srcset=\"https:\/\/ntountas-endokrinologos.gr\/wp-content\/uploads\/2016\/07\/endocrine-diseases.jpg 471w, https:\/\/ntountas-endokrinologos.gr\/wp-content\/uploads\/2016\/07\/endocrine-diseases-300x200.jpg 300w, https:\/\/ntountas-endokrinologos.gr\/wp-content\/uploads\/2016\/07\/endocrine-diseases-360x240.jpg 360w, https:\/\/ntountas-endokrinologos.gr\/wp-content\/uploads\/2016\/07\/endocrine-diseases-262x175.jpg 262w\" sizes=\"(max-width: 471px) 100vw, 471px\" \/><\/div><\/div><\/div><\/div><style scoped>#tabs-1 .ui-tabs-nav,#tabs-1 .ui-tabs-nav li{background:#b5e0fc;}#tabs-1 .ui-tabs-nav li,#tabs-1 .ui-tabs-nav li a,#tabs-1 .ui-tabs-nav li a .icon{color:#3695eb;}#tabs-1 .ui-tabs-nav .ui-state-active,#tabs-1 .ui-tabs-nav .ui-state-selected,#tabs-1 .ui-tabs-nav .ui-state-hover{background:#e7f6ff;}#tabs-1 .ui-tabs-nav .ui-state-active,#tabs-1 .ui-tabs-nav .ui-state-active a,#tabs-1 .ui-tabs-nav .ui-state-active a .icon,#tabs-1 .ui-tabs-nav .ui-state-selected,#tabs-1 .ui-tabs-nav .ui-state-selected a,#tabs-1 .ui-tabs-nav .ui-state-selected a .icon,#tabs-1 .ui-tabs-nav .ui-state-hover,#tabs-1 .ui-tabs-nav .ui-state-hover a,#tabs-1 .ui-tabs-nav .ui-state-hover a .icon{color:#0090e7;}#tabs-1 .ui-tabs-nav .inactive-block-title h1,#tabs-1 .ui-tabs-nav .inactive-block-title h2,#tabs-1 .ui-tabs-nav .inactive-block-title h3,#tabs-1 .ui-tabs-nav .inactive-block-title h4,#tabs-1 .ui-tabs-nav .inactive-block-title h5,#tabs-1 .ui-tabs-nav .inactive-block-title h6{color:#3695eb;}#tabs-1.horizontal .pane{background:#e7f6ff;}#tabs-1.horizontal .pane,#tabs-1.horizontal .pane p,#tabs-1.horizontal .pane a,#tabs-1.horizontal .pane .column-title,#tabs-1.horizontal .pane .sep-text h2.regular-title-wrapper,#tabs-1.horizontal .pane .text-divider-double,#tabs-1.horizontal .pane .sep-text .sep-text-line,#tabs-1.horizontal .pane .sep,#tabs-1.horizontal .pane .sep-2,#tabs-1.horizontal .pane .sep-3,#tabs-1.horizontal .pane td,#tabs-1.horizontal .pane th,#tabs-1.horizontal .pane caption{color:#0090e7;}<\/style><\/div><\/div>\n\t\t<h3 class=\"text-divider-double\">\t\t\t\nDiabetes Mellitus\t\t<\/h3>\t\t<div class=\"sep\"><\/div>\t\n<blockquote>\n<p style=\"text-align: justify;\"><strong>Diabetes Mellitus<\/strong> ist eine chronische Erkrankung, die sich langsam aufbaut, bis sie erkannt wird.<\/p>\n<\/blockquote>\n<p style=\"text-align: justify;\">Menschen k\u00f6nnen jahrelang an Diabetes leiden, ohne dies zu wissen, da es keine eindeutigen und besonderen Symptome gibt, bis der Blutzuckerspiegel sehr hoch wird. Das hat zur Folge, dass wertvolle Zeit vergeudet wird, bevor eine wirksame Behandlung beginnt.<\/p>\n<p style=\"text-align: justify;\">Genau gesagt, kann jeder an Typ 2 Diabetes erkranken.<\/p>\n<div class=\"row \"><div class=\"wpv-grid grid-2-5  wpv-first-level first unextended\" style=\"padding-top:0px;padding-bottom:0px\" id=\"wpv-column-113a94a485a61a134052e2ead7b4136a\" ><p style=\"text-align: justify;\">Jedoch gibt es bei folgenden Gruppen ein erh\u00f6htes Risiko f\u00fcr Typ 2 Diabetes:<\/p>\n\n<ul class=\"styled-list  icon-accent2\">\n<li class=\" icon-b theme\" data-icon=\"&#57351;\">\u00dcbergewichtige Menschen (Abdominale Adipositas und Ablagerung von Fett in der Leber)<\/li>\n<li class=\" icon-b theme\" data-icon=\"&#57351;\">Frauen, bei denen Schwangerschafts-Diabetes aufgetreten ist<\/li>\n<li class=\" icon-b theme\" data-icon=\"&#57351;\">Menschen mit einer Familiengeschichte von Diabetes Typ 2<\/li>\n<li class=\" icon-b theme\" data-icon=\"&#57351;\">Frauen, in deren Krankengeschichte polyzystisches Ovarialsyndrom aufgetreten ist<\/li>\n<li class=\" icon-b theme\" data-icon=\"&#57351;\">Menschen mit einer Krankengeschichte von Herz-Kreislauf-Krankheiten<\/li>\n<li class=\" icon-b theme\" data-icon=\"&#57351;\">Menschen mit Mangel an gutem Cholesterol<\/li>\n<\/ul>\n\n<div class=\"push\" style='height:20px'><\/div><\/div>\n<div class=\"wpv-grid grid-3-5  wpv-first-level unextended\" style=\"padding-top:0px;padding-bottom:0px\" id=\"wpv-column-ec5778d14b92e77db1e1e761edc40688\" ><p style=\"text-align: justify;\">Obwohl, wie bereits erw\u00e4hnt, bei Diabetes Mellitus in der Regel keine Symptome auftreten, bevor sie diagnostiziert wird, gibt es einige Anzeichen\/Symptome, die mit ihrem Auftreten verbunden sind:<\/p>\n\n<ul class=\"styled-list  icon-accent2\">\n<li class=\" icon-b theme\" data-icon=\"&#57351;\">Gef\u00fchl von Durst &amp; Xerostomie (Mundtrockenheit)<\/li>\n<li class=\" icon-b theme\" data-icon=\"&#57351;\">Gef\u00fchl der M\u00fcdigkeit oder sogar Ersch\u00f6pfung<\/li>\n<li class=\" icon-b theme\" data-icon=\"&#57351;\">Taubheitsgef\u00fchl in Arme \/ Beine<\/li>\n<li class=\" icon-b theme\" data-icon=\"&#57351;\">erh\u00f6hter Appetit<\/li>\n<li class=\" icon-b theme\" data-icon=\"&#57351;\">\u00dcbelkeit oder sogar Erbrechen<\/li>\n<li class=\" icon-b theme\" data-icon=\"&#57351;\">Polyurie, \u00fcberm\u00e4\u00dfige Harnausscheidung<\/li>\n<li class=\" icon-b theme\" data-icon=\"&#57351;\">Sehst\u00f6rungen<\/li>\n<\/ul>\n<\/div><\/div>\n<p style=\"text-align: justify;\">Diabetes Mellitus kann mit einer einfachen Urinanalyse diagnostiziert werden, wenn eine gro\u00dfe Menge Glukose festgestellt wird. Es folgt ein einfacher Bluttest, durch den der genauen Glukosespiegel im Blut bestimmt wird.<\/p>\n","protected":false},"excerpt":{"rendered":"<p>Diabetes ist eine Stoffwechselst\u00f6rung. Der Stoffwechsel ist ein Mechanismus, mit dem unser K\u00f6rper Nahrung verarbeitet, um Energie f\u00fcr den menschlichen Organismus zu erzeugen. Die meiste Nahrung, die wir zu uns nehmen, wird &#8211; unter anderem &#8211; zu Glukose verarbeitet. Glukose ist die wichtigste Energiequelle f\u00fcr unseren K\u00f6rper. Die Zellen unseres K\u00f6rpers nutzen die Glukose und&#8230;<\/p>\n","protected":false},"author":2,"featured_media":0,"parent":0,"menu_order":0,"comment_status":"closed","ping_status":"closed","template":"","meta":[],"_links":{"self":[{"href":"https:\/\/ntountas-endokrinologos.gr\/de\/wp-json\/wp\/v2\/pages\/8110"}],"collection":[{"href":"https:\/\/ntountas-endokrinologos.gr\/de\/wp-json\/wp\/v2\/pages"}],"about":[{"href":"https:\/\/ntountas-endokrinologos.gr\/de\/wp-json\/wp\/v2\/types\/page"}],"author":[{"embeddable":true,"href":"https:\/\/ntountas-endokrinologos.gr\/de\/wp-json\/wp\/v2\/users\/2"}],"replies":[{"embeddable":true,"href":"https:\/\/ntountas-endokrinologos.gr\/de\/wp-json\/wp\/v2\/comments?post=8110"}],"version-history":[{"count":0,"href":"https:\/\/ntountas-endokrinologos.gr\/de\/wp-json\/wp\/v2\/pages\/8110\/revisions"}],"wp:attachment":[{"href":"https:\/\/ntountas-endokrinologos.gr\/de\/wp-json\/wp\/v2\/media?parent=8110"}],"curies":[{"name":"wp","href":"https:\/\/api.w.org\/{rel}","templated":true}]}}