{"id":8113,"date":"2016-07-04T12:55:54","date_gmt":"2016-07-04T12:55:54","guid":{"rendered":"https:\/\/ntountas-endokrinologos.gr\/de\/iatrika-themata\/"},"modified":"2017-07-03T11:28:29","modified_gmt":"2017-07-03T11:28:29","slug":"medizinische-fragen","status":"publish","type":"page","link":"https:\/\/ntountas-endokrinologos.gr\/de\/medizinische-fragen\/","title":{"rendered":"Medizinische Fragen"},"content":{"rendered":"\t\t<h3 class=\"text-divider-double\">\t\t\t\nSchilddr\u00fcse und Schwangerschaft\t\t<\/h3>\t\t<div class=\"sep\"><\/div>\t\n<p style=\"text-align: justify;\">W\u00e4hrend der Schwangerschaft kann eine pl\u00f6tzliche Zunahme von Schilddr\u00fcsenhormonen auftreten, was normal und vorauszusehen ist, da eine Schwangerschaft in der Regel von einer hormonellen Explosion begleitet wird. Insbesondere steigt der gesamte Spiegel der sogenannten T3 und T4. Allerdings gibt es auch \u00c4nderungen in der Funktion der Schilddr\u00fcse, die w\u00e4hrend der Schwangerschaft auftreten, aber mit einem Problem verbunden sind, das bereits vor der Schwangerschaft bestand.<\/p>\n<blockquote>\n<p style=\"text-align: justify;\">Es ist daher gut, wenn eine Untersuchung der Schilddr\u00fcsenhormone zu Beginn der Schwangerschaft durchgef\u00fchrt wird.<\/p>\n<\/blockquote>\n<p style=\"text-align: justify;\">Symptome, die mit der Schilddr\u00fcsen-Erkrankung einhergehen, wie z. B. das Gef\u00fchl der M\u00fcdigkeit, Reizbarkeit und Tachykardie, sollte nicht immer auf die Schwangerschaft zur\u00fcckgef\u00fchrt werden. Die Kontrolle der Schilddr\u00fcse und die entsprechenden Untersuchungen werden als notwendig erachtet. Wenn die Ergebnisse dieser Untersuchungen normal sind und es keine Vorgeschichte von Schilddr\u00fcsenerkrankungen gibt, ist eine erneute Untersuchung nicht erforderlich. Wenn jedoch die Untersuchungen ein Problem bei der Schilddr\u00fcsenfunktion ergeben, wird eine medikament\u00f6se Behandlung erforderlich, die durch den Endokrinologen empfohlen wird, der auch bestimmt, wie regelm\u00e4\u00dfig eine erneute Untersuchung der Schilddr\u00fcsenhormone durchgef\u00fchrt werden muss. Es ist wichtig, darauf hinzuweisen, dass eine Schilddr\u00fcsenerkrankung den Verlauf der Schwangerschaft und die neurologische Entwicklung des F\u00f6tus beeinflussen kann.<\/p>\n<div class=\"push\" style='height:10px'><\/div>\n\t\t<h3 class=\"text-divider-double\">\t\t\t\nSchilddr\u00fcse und Fruchtbarkeit\t\t<\/h3>\t\t<div class=\"sep\"><\/div>\t\n<p style=\"text-align: justify;\">Die Schilddr\u00fcsenhormone k\u00f6nnen die Fortpflanzungsf\u00e4higkeit beeintr\u00e4chtigen. Dies liegt an der Tatsache, dass Thyroxin \u03a44 und Trijodthyronin \u03a43 notwendig sind f\u00fcr:<\/p>\n\n<ul class=\"styled-list  icon-accent2\">\n<li class=\" icon-b \" data-icon=\"&#57944;\">die ordnungsgem\u00e4\u00dfe Funktion des Menstruationszyklus bei Frauen<\/li>\n<li class=\" icon-b \" data-icon=\"&#57944;\">den normalen Eisprung<\/li>\n<li class=\" icon-b \" data-icon=\"&#57944;\">die Funktion des Corpus luteum (Gelbk\u00f6rper)<\/li>\n<li class=\" icon-b \" data-icon=\"&#57944;\">die Einnistung des Embryos<\/li>\n<li class=\" icon-b \" data-icon=\"&#57944;\">die Funktion der Plazenta<\/li>\n<\/ul>\n\n<p style=\"text-align: justify;\">Genauer gesagt steht die <strong>Schilddr\u00fcsen\u00fcberfunktion im Zusammenhang mit einer Verminderung der Fertilit\u00e4t<\/strong>, da sie St\u00f6rungen des Menstruationszyklus und des Auftretens des Eisprungs verursachen und die Einnistung des Embryos beeintr\u00e4chtigen kann. Hypothyreose (Schilddr\u00fcsenunterfunktion) kann auch die Erfolgsaussichten einer in-vitro-Befruchtung verringern. Daher ist eine Behandlung erforderlich, damit die Schilddr\u00fcsenhormone wieder auf ihr nat\u00fcrliches Niveau zur\u00fcckkommen.<\/p>\n<p style=\"text-align: justify;\">Eine <strong>leichte Schilddr\u00fcsen\u00fcberfunktion scheint die Fertilit\u00e4t deutlich weniger<\/strong> zu beeintr\u00e4chtigen als eine Schilddr\u00fcsenunterfunktion. Obwohl sie meist im Zusammenhang mit einigen Menstruationsst\u00f6rungen steht, gibt es keinen Zusammenhang zwischen ihr und abnormalem oder unregelm\u00e4\u00dfigen Eisprung. In <strong>F\u00e4llen von schwerer Schilddr\u00fcsen\u00fcberfunktion<\/strong> muss jedoch der Endokrinologe sofort eingreifen. Wenn der Spiegel der Schilddr\u00fcsenhormone viel h\u00f6her als normal ist, kann dies zu einem pl\u00f6tzlichen Ausbleiben der Periode f\u00fchren, und es scheint, dass es eine Verbindung zwischen schwerer Schilddr\u00fcsen\u00fcberfunktion und Komplikationen w\u00e4hrend der Schwangerschaft, selbst Fehlgeburten, gibt.<\/p>\n<div class=\"push\" style='height:10px'><\/div>\n\t\t<h3 class=\"text-divider-double\">\t\t\t\nHyperparathyreoidismus\t\t<\/h3>\t\t<div class=\"sep\"><\/div>\t\n<blockquote>\n<p style=\"text-align: justify;\"><strong>Hyperparathyreoidismus<\/strong> ist eine \u00dcberfunktion der Nebenschilddr\u00fcsen.<\/p>\n<\/blockquote>\n<p style=\"text-align: justify;\">Die Nebenschilddr\u00fcsen befinden sich hinter der Schilddr\u00fcse und ber\u00fchren sie fast. Die meisten Menschen haben vier Nebenschilddr\u00fcsen, w\u00e4hrend ca. 20 % f\u00fcnf oder sechs oder weniger als vier dieser Dr\u00fcsen haben. Die Nebenschilddr\u00fcsen sind verantwortlich f\u00fcr die Produktion und Sekretion des Hormons Parathormon. Das Parathormon tr\u00e4gt zur Regulierung des Kalzium- und Phosphorspiegels in unserem K\u00f6rper bei. Bei einer Nebenschilddr\u00fcsen-\u00dcberfunktion wird ein \u00dcberschuss von Parathormon produziert.<\/p>\n<p style=\"text-align: justify;\">Hyperparathyreoidismus scheint vor allem im Alter von 50 bis 70 Jahren aufzutreten und kann ernsthafte Probleme verursachen und die Lebenserwartung um 5-6 Jahre verringern. <strong>Der \u00dcberschuss an Parathormon im menschlichen K\u00f6rper steht im Zusammenhang mit einem erh\u00f6hten Kalziumspiegel <\/strong>in Blut, Urin und Knochen sowie <strong>mit der Abnahme der Phosphorkonzentration<\/strong>. Kalzium und Phosphor spielen eine sehr wichtige Rolle bei den Funktionen des menschlichen K\u00f6rpers.<\/p>\n<p>Der Hyperparathyreoidismus steht im Zusammenhang mit Problemen wie z.B.:<br \/>\n\n<ul class=\"styled-list  icon-accent2\">\n<li class=\" icon-b \" data-icon=\"&#57944;\">Risiko der Ruptur atherosclerotischer Plaque<\/li>\n<li class=\" icon-b \" data-icon=\"&#57944;\">Skeletterkrankungen<\/li>\n<li class=\" icon-b \" data-icon=\"&#57944;\">Nierensch\u00e4den<\/li>\n<li class=\" icon-b \" data-icon=\"&#57944;\">Herzschw\u00e4che<\/li>\n<li class=\" icon-b \" data-icon=\"&#57944;\">Depressionen<\/li>\n<\/ul>\n\n","protected":false},"excerpt":{"rendered":"<p>W\u00e4hrend der Schwangerschaft kann eine pl\u00f6tzliche Zunahme von Schilddr\u00fcsenhormonen auftreten, was normal und vorauszusehen ist, da eine Schwangerschaft in der Regel von einer hormonellen Explosion begleitet wird. Insbesondere steigt der gesamte Spiegel der sogenannten T3 und T4. Allerdings gibt es auch \u00c4nderungen in der Funktion der Schilddr\u00fcse, die w\u00e4hrend der Schwangerschaft auftreten, aber mit einem&#8230;<\/p>\n","protected":false},"author":2,"featured_media":0,"parent":0,"menu_order":0,"comment_status":"closed","ping_status":"closed","template":"","meta":[],"_links":{"self":[{"href":"https:\/\/ntountas-endokrinologos.gr\/de\/wp-json\/wp\/v2\/pages\/8113"}],"collection":[{"href":"https:\/\/ntountas-endokrinologos.gr\/de\/wp-json\/wp\/v2\/pages"}],"about":[{"href":"https:\/\/ntountas-endokrinologos.gr\/de\/wp-json\/wp\/v2\/types\/page"}],"author":[{"embeddable":true,"href":"https:\/\/ntountas-endokrinologos.gr\/de\/wp-json\/wp\/v2\/users\/2"}],"replies":[{"embeddable":true,"href":"https:\/\/ntountas-endokrinologos.gr\/de\/wp-json\/wp\/v2\/comments?post=8113"}],"version-history":[{"count":0,"href":"https:\/\/ntountas-endokrinologos.gr\/de\/wp-json\/wp\/v2\/pages\/8113\/revisions"}],"wp:attachment":[{"href":"https:\/\/ntountas-endokrinologos.gr\/de\/wp-json\/wp\/v2\/media?parent=8113"}],"curies":[{"name":"wp","href":"https:\/\/api.w.org\/{rel}","templated":true}]}}